{"id":4387,"date":"2017-12-17T06:31:19","date_gmt":"2017-12-17T06:31:19","guid":{"rendered":"https:\/\/modulsys.com\/index.php\/home\/"},"modified":"2023-09-25T14:47:53","modified_gmt":"2023-09-25T14:47:53","slug":"home","status":"publish","type":"page","link":"https:\/\/modulsys.com\/","title":{"rendered":"Home"},"content":{"rendered":"\t\t<div data-elementor-type=\"wp-page\" data-elementor-id=\"4387\" class=\"elementor elementor-4387\">\n\t\t\t\t\t\t\t\t\t<section class=\"elementor-section elementor-top-section elementor-element elementor-element-da2d8b9 elementor-section-full_width elementor-section-stretched elementor-section-height-default elementor-section-height-default\" data-id=\"da2d8b9\" data-element_type=\"section\" data-settings=\"{&quot;stretch_section&quot;:&quot;section-stretched&quot;}\">\n\t\t\t\t\t\t<div class=\"elementor-container elementor-column-gap-no\">\n\t\t\t\t\t<div class=\"elementor-column elementor-col-100 elementor-top-column elementor-element elementor-element-c3e17e4\" data-id=\"c3e17e4\" data-element_type=\"column\">\n\t\t\t<div class=\"elementor-widget-wrap elementor-element-populated\">\n\t\t\t\t\t\t\t\t<div class=\"elementor-element elementor-element-17cab6a elementor-widget elementor-widget-eael-image-accordion\" data-id=\"17cab6a\" data-element_type=\"widget\" data-widget_type=\"eael-image-accordion.default\">\n\t\t\t\t<div class=\"elementor-widget-container\">\n\t\t\t    <div class=\"eael-img-accordion accordion-direction-horizontal eael-img-accordion-horizontal-align-center eael-img-accordion-vertical-align-center\" id=\"eael-img-accordion-17cab6a\" data-img-accordion-id=\"17cab6a\" data-img-accordion-type=\"on-hover\">\n                    \n            <a href=\"https:\/\/modulsys.com\/index.php\/plasticni-spremnici\/\" class=\"eael-image-accordion-hover overlay-active\" style=\"background-image: url(https:\/\/modulsys.com\/wp-content\/uploads\/2023\/08\/about2.jpg); flex: 3 1 0%;\"  tabindex=\"0\">\n            <div class=\"overlay\">\n                <div class=\"overlay-inner\">\n                    <div class=\"overlay-inner  overlay-inner-show\">\n                        <h2 class=\"img-accordion-title\">Plasti\u010dni spremnici<\/h2>                    <\/div>\n                <\/div>\n            <\/div>\n            <\/a>\n                    \n            <a href=\"https:\/\/modulsys.com\/index.php\/product-category\/zicani-spremnici\/\" class=\"eael-image-accordion-hover overlay-active\" style=\"background-image: url(https:\/\/modulsys.com\/wp-content\/uploads\/2023\/08\/Screenshot_1.png); flex: 3 1 0%;\"  tabindex=\"1\">\n            <div class=\"overlay\">\n                <div class=\"overlay-inner\">\n                    <div class=\"overlay-inner  overlay-inner-show\">\n                        <h2 class=\"img-accordion-title\">\u017di\u010dani spremnici<\/h2>                    <\/div>\n                <\/div>\n            <\/div>\n            <\/a>\n                    \n            <a href=\"https:\/\/modulsys.com\/index.php\/product-category\/metalni-spremnici\/\" class=\"eael-image-accordion-hover overlay-active\" style=\"background-image: url(https:\/\/modulsys.com\/wp-content\/uploads\/2023\/08\/1639476089885.jpg); flex: 3 1 0%;\"  tabindex=\"2\">\n            <div class=\"overlay\">\n                <div class=\"overlay-inner\">\n                    <div class=\"overlay-inner  overlay-inner-show\">\n                        <h2 class=\"img-accordion-title\">Metalni spremnici<\/h2>                    <\/div>\n                <\/div>\n            <\/div>\n            <\/a>\n                <\/div>\n        <style typr=\"text\/css\">\n                    #eael-img-accordion-17cab6a .eael-image-accordion-hover:hover {\n                        flex: 3 1 0% !important;\n                    }\n                    #eael-img-accordion-17cab6a .eael-image-accordion-hover:hover:hover .overlay-inner * {\n                        opacity: 1;\n                        visibility: visible;\n                        transform: none;\n                        transition: all .3s .3s;\n                    }\n                <\/style>\t\t<\/div>\n\t\t\t\t<\/div>\n\t\t\t\t\t<\/div>\n\t\t<\/div>\n\t\t\t\t\t\t\t<\/div>\n\t\t<\/section>\n\t\t\t\t\t\t\t<\/div>\n\t\t","protected":false},"excerpt":{"rendered":"<p>Plasti\u010dni spremnici \u017di\u010dani spremnici Metalni spremnici<\/p>\n","protected":false},"author":1,"featured_media":0,"parent":0,"menu_order":0,"comment_status":"closed","ping_status":"closed","template":"","meta":{"site-sidebar-layout":"no-sidebar","site-content-layout":"page-builder","ast-site-content-layout":"","site-content-style":"default","site-sidebar-style":"default","ast-global-header-display":"","ast-banner-title-visibility":"","ast-main-header-display":"","ast-hfb-above-header-display":"","ast-hfb-below-header-display":"","ast-hfb-mobile-header-display":"","site-post-title":"disabled","ast-breadcrumbs-content":"","ast-featured-img":"disabled","footer-sml-layout":"","theme-transparent-header-meta":"enabled","adv-header-id-meta":"","stick-header-meta":"","header-above-stick-meta":"","header-main-stick-meta":"","header-below-stick-meta":"","astra-migrate-meta-layouts":"","footnotes":""},"class_list":["post-4387","page","type-page","status-publish","hentry"],"_links":{"self":[{"href":"https:\/\/modulsys.com\/index.php\/wp-json\/wp\/v2\/pages\/4387","targetHints":{"allow":["GET"]}}],"collection":[{"href":"https:\/\/modulsys.com\/index.php\/wp-json\/wp\/v2\/pages"}],"about":[{"href":"https:\/\/modulsys.com\/index.php\/wp-json\/wp\/v2\/types\/page"}],"author":[{"embeddable":true,"href":"https:\/\/modulsys.com\/index.php\/wp-json\/wp\/v2\/users\/1"}],"replies":[{"embeddable":true,"href":"https:\/\/modulsys.com\/index.php\/wp-json\/wp\/v2\/comments?post=4387"}],"version-history":[{"count":49,"href":"https:\/\/modulsys.com\/index.php\/wp-json\/wp\/v2\/pages\/4387\/revisions"}],"predecessor-version":[{"id":6272,"href":"https:\/\/modulsys.com\/index.php\/wp-json\/wp\/v2\/pages\/4387\/revisions\/6272"}],"wp:attachment":[{"href":"https:\/\/modulsys.com\/index.php\/wp-json\/wp\/v2\/media?parent=4387"}],"curies":[{"name":"wp","href":"https:\/\/api.w.org\/{rel}","templated":true}]}}