{"id":6129,"date":"2023-09-21T11:03:20","date_gmt":"2023-09-21T11:03:20","guid":{"rendered":"https:\/\/modulsys.com\/?post_type=product&#038;p=6129"},"modified":"2023-10-05T08:37:59","modified_gmt":"2023-10-05T08:37:59","slug":"g8h","status":"publish","type":"product","link":"https:\/\/modulsys.com\/index.php\/product\/g8h\/","title":{"rendered":"G8H \/ \u017dI\u010cANI OKVIR ZA PALETU 1200 X 800"},"content":{"rendered":"<p>Dimenzije: \u0160. 1215 x D. 815 x V. 1485 mm<\/p>\n<p>Te\u017eina: 44 kg<\/p>\n<p>Nosivost: 1000 kg<\/p>\n<p>Slo\u017eivost: 1 + 1<\/p>\n<p>Pocin\u010dano<\/p>\n<p>Vrata na du\u017eoj strani<\/p>\n<p>Mre\u017ea: 100 x 100<\/p>\n","protected":false},"excerpt":{"rendered":"<p>Dimenzije: \u0160. 1215 x D. 815 x V. 1485 mm Te\u017eina: 44 kg Nosivost: 1000 kg Slo\u017eivost: 1 + 1 Pocin\u010dano Vrata na du\u017eoj strani Mre\u017ea: 100 x 100<\/p>\n","protected":false},"featured_media":6661,"comment_status":"open","ping_status":"closed","template":"","meta":{"site-sidebar-layout":"default","site-content-layout":"","ast-site-content-layout":"default","site-content-style":"default","site-sidebar-style":"default","ast-global-header-display":"","ast-banner-title-visibility":"","ast-main-header-display":"","ast-hfb-above-header-display":"","ast-hfb-below-header-display":"","ast-hfb-mobile-header-display":"","site-post-title":"","ast-breadcrumbs-content":"","ast-featured-img":"","footer-sml-layout":"","theme-transparent-header-meta":"default","adv-header-id-meta":"","stick-header-meta":"","header-above-stick-meta":"","header-main-stick-meta":"","header-below-stick-meta":"","astra-migrate-meta-layouts":"set"},"product_cat":[65,61],"product_tag":[],"class_list":["post-6129","product","type-product","status-publish","has-post-thumbnail","hentry","product_cat-okviri-za-paletu-i-palete","product_cat-zicani-spremnici","desktop-align-left","tablet-align-left","mobile-align-left"],"_links":{"self":[{"href":"https:\/\/modulsys.com\/index.php\/wp-json\/wp\/v2\/product\/6129","targetHints":{"allow":["GET"]}}],"collection":[{"href":"https:\/\/modulsys.com\/index.php\/wp-json\/wp\/v2\/product"}],"about":[{"href":"https:\/\/modulsys.com\/index.php\/wp-json\/wp\/v2\/types\/product"}],"replies":[{"embeddable":true,"href":"https:\/\/modulsys.com\/index.php\/wp-json\/wp\/v2\/comments?post=6129"}],"version-history":[{"count":3,"href":"https:\/\/modulsys.com\/index.php\/wp-json\/wp\/v2\/product\/6129\/revisions"}],"predecessor-version":[{"id":6662,"href":"https:\/\/modulsys.com\/index.php\/wp-json\/wp\/v2\/product\/6129\/revisions\/6662"}],"wp:featuredmedia":[{"embeddable":true,"href":"https:\/\/modulsys.com\/index.php\/wp-json\/wp\/v2\/media\/6661"}],"wp:attachment":[{"href":"https:\/\/modulsys.com\/index.php\/wp-json\/wp\/v2\/media?parent=6129"}],"wp:term":[{"taxonomy":"product_cat","embeddable":true,"href":"https:\/\/modulsys.com\/index.php\/wp-json\/wp\/v2\/product_cat?post=6129"},{"taxonomy":"product_tag","embeddable":true,"href":"https:\/\/modulsys.com\/index.php\/wp-json\/wp\/v2\/product_tag?post=6129"}],"curies":[{"name":"wp","href":"https:\/\/api.w.org\/{rel}","templated":true}]}}