{"id":6143,"date":"2023-09-21T11:03:22","date_gmt":"2023-09-21T11:03:22","guid":{"rendered":"https:\/\/modulsys.com\/?post_type=product&#038;p=6143"},"modified":"2023-10-26T13:13:56","modified_gmt":"2023-10-26T13:13:56","slug":"pallet-in-aluminum","status":"publish","type":"product","link":"https:\/\/modulsys.com\/index.php\/product\/pallet-in-aluminum\/","title":{"rendered":"ALUMINIJSKA PALETA 1200 X 800"},"content":{"rendered":"<p>Dimenzije: \u0160. 1200 x D. 800 x V. 150 mm<br \/>\nTe\u017eina: 13 kg<br \/>\nNosivost: 800 kg<br \/>\nMaterijal: Aluminij<\/p>\n<p>Dodatne izvedbe mogu\u0107e: uzdu\u017ene pre\u010dke\/ popre\u010dne pre\u010dke (4-5 pre\u010dki)<\/p>\n","protected":false},"excerpt":{"rendered":"<p>Dimenzije: \u0160. 1200 x D. 800 x V. 150 mm Te\u017eina: 13 kg Nosivost: 800 kg Materijal: Aluminij Dodatne izvedbe mogu\u0107e: uzdu\u017ene pre\u010dke\/ popre\u010dne pre\u010dke (4-5 pre\u010dki)<\/p>\n","protected":false},"featured_media":7345,"comment_status":"open","ping_status":"closed","template":"","meta":{"site-sidebar-layout":"default","site-content-layout":"","ast-site-content-layout":"default","site-content-style":"default","site-sidebar-style":"default","ast-global-header-display":"","ast-banner-title-visibility":"","ast-main-header-display":"","ast-hfb-above-header-display":"","ast-hfb-below-header-display":"","ast-hfb-mobile-header-display":"","site-post-title":"","ast-breadcrumbs-content":"","ast-featured-img":"","footer-sml-layout":"","theme-transparent-header-meta":"default","adv-header-id-meta":"","stick-header-meta":"","header-above-stick-meta":"","header-main-stick-meta":"","header-below-stick-meta":"","astra-migrate-meta-layouts":"set"},"product_cat":[65,61],"product_tag":[],"class_list":["post-6143","product","type-product","status-publish","has-post-thumbnail","hentry","product_cat-okviri-za-paletu-i-palete","product_cat-zicani-spremnici","desktop-align-left","tablet-align-left","mobile-align-left"],"_links":{"self":[{"href":"https:\/\/modulsys.com\/index.php\/wp-json\/wp\/v2\/product\/6143","targetHints":{"allow":["GET"]}}],"collection":[{"href":"https:\/\/modulsys.com\/index.php\/wp-json\/wp\/v2\/product"}],"about":[{"href":"https:\/\/modulsys.com\/index.php\/wp-json\/wp\/v2\/types\/product"}],"replies":[{"embeddable":true,"href":"https:\/\/modulsys.com\/index.php\/wp-json\/wp\/v2\/comments?post=6143"}],"version-history":[{"count":5,"href":"https:\/\/modulsys.com\/index.php\/wp-json\/wp\/v2\/product\/6143\/revisions"}],"predecessor-version":[{"id":7347,"href":"https:\/\/modulsys.com\/index.php\/wp-json\/wp\/v2\/product\/6143\/revisions\/7347"}],"wp:featuredmedia":[{"embeddable":true,"href":"https:\/\/modulsys.com\/index.php\/wp-json\/wp\/v2\/media\/7345"}],"wp:attachment":[{"href":"https:\/\/modulsys.com\/index.php\/wp-json\/wp\/v2\/media?parent=6143"}],"wp:term":[{"taxonomy":"product_cat","embeddable":true,"href":"https:\/\/modulsys.com\/index.php\/wp-json\/wp\/v2\/product_cat?post=6143"},{"taxonomy":"product_tag","embeddable":true,"href":"https:\/\/modulsys.com\/index.php\/wp-json\/wp\/v2\/product_tag?post=6143"}],"curies":[{"name":"wp","href":"https:\/\/api.w.org\/{rel}","templated":true}]}}